{"id":15,"date":"2018-06-18T06:58:10","date_gmt":"2018-06-18T06:58:10","guid":{"rendered":"https:\/\/ttsuit.is\/contact\/"},"modified":"2023-11-16T03:41:41","modified_gmt":"2023-11-15T21:11:41","slug":"hafdusamband","status":"publish","type":"page","link":"https:\/\/ttsuit.is\/is\/hafdusamband\/","title":{"rendered":"Hafa samband"},"content":{"rendered":"<div data-elementor-type=\"wp-post\" data-elementor-id=\"15\" class=\"elementor elementor-15\" data-elementor-post-type=\"page\">\n\t\t\t\t\t\t<section class=\"elementor-section elementor-top-section elementor-element elementor-element-448c62d5 elementor-section-content-middle elementor-section-boxed elementor-section-height-default elementor-section-height-default\" data-id=\"448c62d5\" data-element_type=\"section\" data-settings=\"{&quot;background_background&quot;:&quot;classic&quot;}\">\n\t\t\t\t\t\t\t<div class=\"elementor-background-overlay\"><\/div>\n\t\t\t\t\t\t\t<div class=\"elementor-container elementor-column-gap-default\">\n\t\t\t\t\t<div class=\"elementor-column elementor-col-50 elementor-top-column elementor-element elementor-element-5320b806\" data-id=\"5320b806\" data-element_type=\"column\">\n\t\t\t<div class=\"elementor-widget-wrap elementor-element-populated\">\n\t\t\t\t\t\t<div class=\"elementor-element elementor-element-a645ecb elementor-widget elementor-widget-image-box\" data-id=\"a645ecb\" data-element_type=\"widget\" data-widget_type=\"image-box.default\">\n\t\t\t\t<div class=\"elementor-widget-container\">\n\t\t\t<div class=\"elementor-image-box-wrapper\"><div class=\"elementor-image-box-content\"><h1 class=\"elementor-image-box-title\">Hall\u00f3!<\/h1><p class=\"elementor-image-box-description\">Ekki hika vi\u00f0 a\u00f0 hafa samband ef \u00fea\u00f0 er eitthva\u00f0 sem bj\u00e1tar \u00e1! \u00c9g reyni a\u00f0 svara eins flj\u00f3tt og au\u00f0i\u00f0 er en aldrei lengur en 48 t\u00edmum fr\u00e1 innsendingu. \u00de\u00fa getur einnig haft samband \u00e1 samf\u00e9lagsmi\u00f0lum!<\/p><\/div><\/div>\t\t<\/div>\n\t\t\t\t<\/div>\n\t\t\t\t<div class=\"elementor-element elementor-element-a12e448 elementor-widget-divider--view-line elementor-widget elementor-widget-divider\" data-id=\"a12e448\" data-element_type=\"widget\" data-widget_type=\"divider.default\">\n\t\t\t\t<div class=\"elementor-widget-container\">\n\t\t\t\t\t<div class=\"elementor-divider\">\n\t\t\t<span class=\"elementor-divider-separator\">\n\t\t\t\t\t\t<\/span>\n\t\t<\/div>\n\t\t\t\t<\/div>\n\t\t\t\t<\/div>\n\t\t\t\t<div class=\"elementor-element elementor-element-6082c90 elementor-mobile-align-left elementor-icon-list--layout-traditional elementor-list-item-link-full_width elementor-widget elementor-widget-icon-list\" data-id=\"6082c90\" data-element_type=\"widget\" data-widget_type=\"icon-list.default\">\n\t\t\t\t<div class=\"elementor-widget-container\">\n\t\t\t\t\t<ul class=\"elementor-icon-list-items\">\n\t\t\t\t\t\t\t<li class=\"elementor-icon-list-item\">\n\t\t\t\t\t\t\t\t\t\t\t<span class=\"elementor-icon-list-icon\">\n\t\t\t\t\t\t\t<i aria-hidden=\"true\" class=\"fas fa-map\"><\/i>\t\t\t\t\t\t<\/span>\n\t\t\t\t\t\t\t\t\t\t<span class=\"elementor-icon-list-text\">108 Reykjav\u00edk<\/span>\n\t\t\t\t\t\t\t\t\t<\/li>\n\t\t\t\t\t\t\t\t<li class=\"elementor-icon-list-item\">\n\t\t\t\t\t\t\t\t\t\t\t<a href=\"mailto:ttsuitrvk@gmail.com\">\n\n\t\t\t\t\t\t\t\t\t\t\t\t<span class=\"elementor-icon-list-icon\">\n\t\t\t\t\t\t\t<i aria-hidden=\"true\" class=\"fas fa-envelope\"><\/i>\t\t\t\t\t\t<\/span>\n\t\t\t\t\t\t\t\t\t\t<span class=\"elementor-icon-list-text\">ttsuit@ttsuit.is<\/span>\n\t\t\t\t\t\t\t\t\t\t\t<\/a>\n\t\t\t\t\t\t\t\t\t<\/li>\n\t\t\t\t\t\t<\/ul>\n\t\t\t\t<\/div>\n\t\t\t\t<\/div>\n\t\t\t\t<div class=\"elementor-element elementor-element-b459dff elementor-widget elementor-widget-heading\" data-id=\"b459dff\" data-element_type=\"widget\" data-widget_type=\"heading.default\">\n\t\t\t\t<div class=\"elementor-widget-container\">\n\t\t\t<h2 class=\"elementor-heading-title elementor-size-default\">Samf\u00e9lagsmi\u00f0lar<\/h2>\t\t<\/div>\n\t\t\t\t<\/div>\n\t\t\t\t<div class=\"elementor-element elementor-element-46a1e68 e-grid-align-left elementor-shape-rounded elementor-grid-0 elementor-widget elementor-widget-social-icons\" data-id=\"46a1e68\" data-element_type=\"widget\" data-widget_type=\"social-icons.default\">\n\t\t\t\t<div class=\"elementor-widget-container\">\n\t\t\t\t\t<div class=\"elementor-social-icons-wrapper elementor-grid\">\n\t\t\t\t\t\t\t<span class=\"elementor-grid-item\">\n\t\t\t\t\t<a class=\"elementor-icon elementor-social-icon elementor-social-icon-facebook elementor-animation-bob elementor-repeater-item-fd9a9ee\" href=\"https:\/\/www.facebook.com\/ttsuitisland\/\" target=\"_blank\">\n\t\t\t\t\t\t<span class=\"elementor-screen-only\">Facebook<\/span>\n\t\t\t\t\t\t<i class=\"fab fa-facebook\"><\/i>\t\t\t\t\t<\/a>\n\t\t\t\t<\/span>\n\t\t\t\t\t\t\t<span class=\"elementor-grid-item\">\n\t\t\t\t\t<a class=\"elementor-icon elementor-social-icon elementor-social-icon-instagram elementor-animation-bob elementor-repeater-item-8d77de0\" href=\"https:\/\/www.instagram.com\/ttsuitisland\/\" target=\"_blank\">\n\t\t\t\t\t\t<span class=\"elementor-screen-only\">Instagram<\/span>\n\t\t\t\t\t\t<i class=\"fab fa-instagram\"><\/i>\t\t\t\t\t<\/a>\n\t\t\t\t<\/span>\n\t\t\t\t\t<\/div>\n\t\t\t\t<\/div>\n\t\t\t\t<\/div>\n\t\t\t\t\t<\/div>\n\t\t<\/div>\n\t\t\t\t<div class=\"elementor-column elementor-col-50 elementor-top-column elementor-element elementor-element-50777f2\" data-id=\"50777f2\" data-element_type=\"column\">\n\t\t\t<div class=\"elementor-widget-wrap elementor-element-populated\">\n\t\t\t\t\t\t<section class=\"elementor-section elementor-inner-section elementor-element elementor-element-9ef3a18 elementor-section-full_width elementor-section-height-default elementor-section-height-default\" data-id=\"9ef3a18\" data-element_type=\"section\">\n\t\t\t\t\t\t<div class=\"elementor-container elementor-column-gap-default\">\n\t\t\t\t\t<div class=\"elementor-column elementor-col-100 elementor-inner-column elementor-element elementor-element-157937f\" data-id=\"157937f\" data-element_type=\"column\" data-settings=\"{&quot;background_background&quot;:&quot;classic&quot;}\">\n\t\t\t<div class=\"elementor-widget-wrap elementor-element-populated\">\n\t\t\t\t\t\t<div class=\"elementor-element elementor-element-27696a2 elementor-widget elementor-widget-heading\" data-id=\"27696a2\" data-element_type=\"widget\" data-widget_type=\"heading.default\">\n\t\t\t\t<div class=\"elementor-widget-container\">\n\t\t\t<h3 class=\"elementor-heading-title elementor-size-default\">Ertu me\u00f0 spurningu?<\/h3>\t\t<\/div>\n\t\t\t\t<\/div>\n\t\t\t\t<div class=\"elementor-element elementor-element-81025a8 elementor-button-align-start elementor-mobile-button-align-center elementor-widget elementor-widget-form\" data-id=\"81025a8\" data-element_type=\"widget\" data-settings=\"{&quot;step_next_label&quot;:&quot;Next&quot;,&quot;step_previous_label&quot;:&quot;Previous&quot;,&quot;button_width&quot;:&quot;100&quot;,&quot;step_type&quot;:&quot;number_text&quot;,&quot;step_icon_shape&quot;:&quot;circle&quot;}\" data-widget_type=\"form.default\">\n\t\t\t\t<div class=\"elementor-widget-container\">\n\t\t\t\t\t<form class=\"elementor-form\" method=\"post\" name=\"Contact Form\">\n\t\t\t<input type=\"hidden\" name=\"post_id\" value=\"15\"\/>\n\t\t\t<input type=\"hidden\" name=\"form_id\" value=\"81025a8\"\/>\n\t\t\t<input type=\"hidden\" name=\"referer_title\" value=\"TT suit\" \/>\n\n\t\t\t\n\t\t\t<div class=\"elementor-form-fields-wrapper elementor-labels-\">\n\t\t\t\t\t\t\t\t<div class=\"elementor-field-type-text elementor-field-group elementor-column elementor-field-group-name elementor-col-100\">\n\t\t\t\t\t\t\t\t\t\t\t\t<label for=\"form-field-name\" class=\"elementor-field-label elementor-screen-only\">\n\t\t\t\t\t\t\t\tName\t\t\t\t\t\t\t<\/label>\n\t\t\t\t\t\t\t\t\t\t\t\t\t\t<input size=\"1\" type=\"text\" name=\"form_fields[name]\" id=\"form-field-name\" class=\"elementor-field elementor-size-sm  elementor-field-textual\" placeholder=\"Nafn\">\n\t\t\t\t\t\t\t\t\t\t\t<\/div>\n\t\t\t\t\t\t\t\t<div class=\"elementor-field-type-email elementor-field-group elementor-column elementor-field-group-email elementor-col-100 elementor-field-required\">\n\t\t\t\t\t\t\t\t\t\t\t\t<label for=\"form-field-email\" class=\"elementor-field-label elementor-screen-only\">\n\t\t\t\t\t\t\t\tEmail\t\t\t\t\t\t\t<\/label>\n\t\t\t\t\t\t\t\t\t\t\t\t\t\t<input size=\"1\" type=\"email\" name=\"form_fields[email]\" id=\"form-field-email\" class=\"elementor-field elementor-size-sm  elementor-field-textual\" placeholder=\"T\u00f6lvup\u00f3stur\" required=\"required\" aria-required=\"true\">\n\t\t\t\t\t\t\t\t\t\t\t<\/div>\n\t\t\t\t\t\t\t\t<div class=\"elementor-field-type-textarea elementor-field-group elementor-column elementor-field-group-message elementor-col-100\">\n\t\t\t\t\t\t\t\t\t\t\t\t<label for=\"form-field-message\" class=\"elementor-field-label elementor-screen-only\">\n\t\t\t\t\t\t\t\tMessage\t\t\t\t\t\t\t<\/label>\n\t\t\t\t\t\t<textarea class=\"elementor-field-textual elementor-field  elementor-size-sm\" name=\"form_fields[message]\" id=\"form-field-message\" rows=\"4\" placeholder=\"Skilabo\u00f0\"><\/textarea>\t\t\t\t<\/div>\n\t\t\t\t\t\t\t\t<div class=\"elementor-field-group elementor-column elementor-field-type-submit elementor-col-100 e-form__buttons\">\n\t\t\t\t\t<button class=\"elementor-button elementor-size-sm\" type=\"submit\">\n\t\t\t\t\t\t<span class=\"elementor-button-content-wrapper\">\n\t\t\t\t\t\t\t\t\t\t\t\t\t\t\t\t\t\t\t\t\t\t<span class=\"elementor-button-text\">Senda<\/span>\n\t\t\t\t\t\t\t\t\t\t\t\t\t<\/span>\n\t\t\t\t\t<\/button>\n\t\t\t\t<\/div>\n\t\t\t<\/div>\n\t\t<input type=\"hidden\" name=\"trp-form-language\" value=\"is\"\/><\/form>\n\t\t\t\t<\/div>\n\t\t\t\t<\/div>\n\t\t\t\t\t<\/div>\n\t\t<\/div>\n\t\t\t\t\t<\/div>\n\t\t<\/section>\n\t\t\t\t\t<\/div>\n\t\t<\/div>\n\t\t\t\t\t<\/div>\n\t\t<\/section>\n\t\t\t\t<\/div>","protected":false},"excerpt":{"rendered":"<p>Hall\u00f3! Ekki hika vi\u00f0 a\u00f0 hafa samband ef \u00fea\u00f0 er eitthva\u00f0 sem bj\u00e1tar \u00e1! \u00c9g reyni a\u00f0 svara eins flj\u00f3tt og au\u00f0i\u00f0 er en aldrei lengur en 48 t\u00edmum fr\u00e1 innsendingu. \u00de\u00fa getur einnig haft samband \u00e1 samf\u00e9lagsmi\u00f0lum! 108 Reykjav\u00edk ttsuit@ttsuit.is Samf\u00e9lagsmi\u00f0lar Facebook Instagram Ertu me\u00f0 spurningu?<\/p>","protected":false},"author":5,"featured_media":0,"parent":0,"menu_order":0,"comment_status":"closed","ping_status":"closed","template":"","meta":{"site-sidebar-layout":"no-sidebar","site-content-layout":"page-builder","ast-site-content-layout":"","site-content-style":"default","site-sidebar-style":"default","ast-global-header-display":"","ast-banner-title-visibility":"","ast-main-header-display":"","ast-hfb-above-header-display":"","ast-hfb-below-header-display":"","ast-hfb-mobile-header-display":"","site-post-title":"disabled","ast-breadcrumbs-content":"","ast-featured-img":"disabled","footer-sml-layout":"","theme-transparent-header-meta":"enabled","adv-header-id-meta":"","stick-header-meta":"","header-above-stick-meta":"","header-main-stick-meta":"","header-below-stick-meta":"","astra-migrate-meta-layouts":"default","ast-page-background-enabled":"default","ast-page-background-meta":{"desktop":{"background-color":"","background-image":"","background-repeat":"repeat","background-position":"center center","background-size":"auto","background-attachment":"scroll","background-type":"","background-media":"","overlay-type":"","overlay-color":"","overlay-gradient":""},"tablet":{"background-color":"","background-image":"","background-repeat":"repeat","background-position":"center center","background-size":"auto","background-attachment":"scroll","background-type":"","background-media":"","overlay-type":"","overlay-color":"","overlay-gradient":""},"mobile":{"background-color":"","background-image":"","background-repeat":"repeat","background-position":"center center","background-size":"auto","background-attachment":"scroll","background-type":"","background-media":"","overlay-type":"","overlay-color":"","overlay-gradient":""}},"ast-content-background-meta":{"desktop":{"background-color":"var(--ast-global-color-5)","background-image":"","background-repeat":"repeat","background-position":"center center","background-size":"auto","background-attachment":"scroll","background-type":"","background-media":"","overlay-type":"","overlay-color":"","overlay-gradient":""},"tablet":{"background-color":"var(--ast-global-color-5)","background-image":"","background-repeat":"repeat","background-position":"center center","background-size":"auto","background-attachment":"scroll","background-type":"","background-media":"","overlay-type":"","overlay-color":"","overlay-gradient":""},"mobile":{"background-color":"var(--ast-global-color-5)","background-image":"","background-repeat":"repeat","background-position":"center center","background-size":"auto","background-attachment":"scroll","background-type":"","background-media":"","overlay-type":"","overlay-color":"","overlay-gradient":""}},"footnotes":""},"class_list":["post-15","page","type-page","status-publish","hentry"],"yoast_head":"<!-- This site is optimized with the Yoast SEO plugin v23.6 - https:\/\/yoast.com\/wordpress\/plugins\/seo\/ -->\n<title>Hafa samband - TT suit<\/title>\n<meta name=\"robots\" content=\"index, follow, max-snippet:-1, max-image-preview:large, max-video-preview:-1\" \/>\n<link rel=\"canonical\" href=\"https:\/\/ttsuit.is\/is\/hafdusamband\/\" \/>\n<meta property=\"og:locale\" content=\"is_IS\" \/>\n<meta property=\"og:type\" content=\"article\" \/>\n<meta property=\"og:title\" content=\"Hafa samband - TT suit\" \/>\n<meta property=\"og:description\" content=\"Hall\u00f3! Ekki hika vi\u00f0 a\u00f0 hafa samband ef \u00fea\u00f0 er eitthva\u00f0 sem bj\u00e1tar \u00e1! \u00c9g reyni a\u00f0 svara eins flj\u00f3tt og au\u00f0i\u00f0 er en aldrei lengur en 48 t\u00edmum fr\u00e1 innsendingu. \u00de\u00fa getur einnig haft samband \u00e1 samf\u00e9lagsmi\u00f0lum! 108 Reykjav\u00edk ttsuit@ttsuit.is Samf\u00e9lagsmi\u00f0lar Facebook Instagram Ertu me\u00f0 spurningu?\" \/>\n<meta property=\"og:url\" content=\"https:\/\/ttsuit.is\/is\/hafdusamband\/\" \/>\n<meta property=\"og:site_name\" content=\"TT suit\" \/>\n<meta property=\"article:publisher\" content=\"https:\/\/www.facebook.com\/ttsuitisland\" \/>\n<meta property=\"article:modified_time\" content=\"2023-11-15T21:11:41+00:00\" \/>\n<meta name=\"twitter:label1\" content=\"Est. reading time\" \/>\n\t<meta name=\"twitter:data1\" content=\"1 minute\" \/>\n<script type=\"application\/ld+json\" class=\"yoast-schema-graph\">{\"@context\":\"https:\/\/schema.org\",\"@graph\":[{\"@type\":\"WebPage\",\"@id\":\"https:\/\/ttsuit.is\/hafdusamband\/\",\"url\":\"https:\/\/ttsuit.is\/hafdusamband\/\",\"name\":\"Hafa samband - TT suit\",\"isPartOf\":{\"@id\":\"https:\/\/ttsuit.is\/#website\"},\"datePublished\":\"2018-06-18T06:58:10+00:00\",\"dateModified\":\"2023-11-15T21:11:41+00:00\",\"breadcrumb\":{\"@id\":\"https:\/\/ttsuit.is\/hafdusamband\/#breadcrumb\"},\"inLanguage\":\"is\",\"potentialAction\":[{\"@type\":\"ReadAction\",\"target\":[\"https:\/\/ttsuit.is\/hafdusamband\/\"]}]},{\"@type\":\"BreadcrumbList\",\"@id\":\"https:\/\/ttsuit.is\/hafdusamband\/#breadcrumb\",\"itemListElement\":[{\"@type\":\"ListItem\",\"position\":1,\"name\":\"Home\",\"item\":\"https:\/\/ttsuit.is\/\"},{\"@type\":\"ListItem\",\"position\":2,\"name\":\"Hafa samband\"}]},{\"@type\":\"WebSite\",\"@id\":\"https:\/\/ttsuit.is\/#website\",\"url\":\"https:\/\/ttsuit.is\/\",\"name\":\"TT suit\",\"description\":\"S\u00e9rsaumur\",\"publisher\":{\"@id\":\"https:\/\/ttsuit.is\/#organization\"},\"potentialAction\":[{\"@type\":\"SearchAction\",\"target\":{\"@type\":\"EntryPoint\",\"urlTemplate\":\"https:\/\/ttsuit.is\/?s={search_term_string}\"},\"query-input\":{\"@type\":\"PropertyValueSpecification\",\"valueRequired\":true,\"valueName\":\"search_term_string\"}}],\"inLanguage\":\"is\"},{\"@type\":\"Organization\",\"@id\":\"https:\/\/ttsuit.is\/#organization\",\"name\":\"TT suit\",\"url\":\"https:\/\/ttsuit.is\/\",\"logo\":{\"@type\":\"ImageObject\",\"inLanguage\":\"is\",\"@id\":\"https:\/\/ttsuit.is\/#\/schema\/logo\/image\/\",\"url\":\"https:\/\/ttsuit.is\/wp-content\/uploads\/2022\/08\/cropped-TTlogo10101.png\",\"contentUrl\":\"https:\/\/ttsuit.is\/wp-content\/uploads\/2022\/08\/cropped-TTlogo10101.png\",\"width\":1226,\"height\":550,\"caption\":\"TT suit\"},\"image\":{\"@id\":\"https:\/\/ttsuit.is\/#\/schema\/logo\/image\/\"},\"sameAs\":[\"https:\/\/www.facebook.com\/ttsuitisland\",\"https:\/\/www.instagram.com\/ttsuitisland\"]}]}<\/script>\n<!-- \/ Yoast SEO plugin. -->","yoast_head_json":{"title":"Hafa samband - TT suit","robots":{"index":"index","follow":"follow","max-snippet":"max-snippet:-1","max-image-preview":"max-image-preview:large","max-video-preview":"max-video-preview:-1"},"canonical":"https:\/\/ttsuit.is\/is\/hafdusamband\/","og_locale":"is_IS","og_type":"article","og_title":"Hafa samband - TT suit","og_description":"Hall\u00f3! Ekki hika vi\u00f0 a\u00f0 hafa samband ef \u00fea\u00f0 er eitthva\u00f0 sem bj\u00e1tar \u00e1! \u00c9g reyni a\u00f0 svara eins flj\u00f3tt og au\u00f0i\u00f0 er en aldrei lengur en 48 t\u00edmum fr\u00e1 innsendingu. \u00de\u00fa getur einnig haft samband \u00e1 samf\u00e9lagsmi\u00f0lum! 108 Reykjav\u00edk ttsuit@ttsuit.is Samf\u00e9lagsmi\u00f0lar Facebook Instagram Ertu me\u00f0 spurningu?","og_url":"https:\/\/ttsuit.is\/is\/hafdusamband\/","og_site_name":"TT suit","article_publisher":"https:\/\/www.facebook.com\/ttsuitisland","article_modified_time":"2023-11-15T21:11:41+00:00","twitter_misc":{"Est. reading time":"1 minute"},"schema":{"@context":"https:\/\/schema.org","@graph":[{"@type":"WebPage","@id":"https:\/\/ttsuit.is\/hafdusamband\/","url":"https:\/\/ttsuit.is\/hafdusamband\/","name":"Hafa samband - TT suit","isPartOf":{"@id":"https:\/\/ttsuit.is\/#website"},"datePublished":"2018-06-18T06:58:10+00:00","dateModified":"2023-11-15T21:11:41+00:00","breadcrumb":{"@id":"https:\/\/ttsuit.is\/hafdusamband\/#breadcrumb"},"inLanguage":"is","potentialAction":[{"@type":"ReadAction","target":["https:\/\/ttsuit.is\/hafdusamband\/"]}]},{"@type":"BreadcrumbList","@id":"https:\/\/ttsuit.is\/hafdusamband\/#breadcrumb","itemListElement":[{"@type":"ListItem","position":1,"name":"Home","item":"https:\/\/ttsuit.is\/"},{"@type":"ListItem","position":2,"name":"Hafa samband"}]},{"@type":"WebSite","@id":"https:\/\/ttsuit.is\/#website","url":"https:\/\/ttsuit.is\/","name":"TT suit","description":"S\u00e9rsaumur","publisher":{"@id":"https:\/\/ttsuit.is\/#organization"},"potentialAction":[{"@type":"SearchAction","target":{"@type":"EntryPoint","urlTemplate":"https:\/\/ttsuit.is\/?s={search_term_string}"},"query-input":{"@type":"PropertyValueSpecification","valueRequired":true,"valueName":"search_term_string"}}],"inLanguage":"is"},{"@type":"Organization","@id":"https:\/\/ttsuit.is\/#organization","name":"TT suit","url":"https:\/\/ttsuit.is\/","logo":{"@type":"ImageObject","inLanguage":"is","@id":"https:\/\/ttsuit.is\/#\/schema\/logo\/image\/","url":"https:\/\/ttsuit.is\/wp-content\/uploads\/2022\/08\/cropped-TTlogo10101.png","contentUrl":"https:\/\/ttsuit.is\/wp-content\/uploads\/2022\/08\/cropped-TTlogo10101.png","width":1226,"height":550,"caption":"TT suit"},"image":{"@id":"https:\/\/ttsuit.is\/#\/schema\/logo\/image\/"},"sameAs":["https:\/\/www.facebook.com\/ttsuitisland","https:\/\/www.instagram.com\/ttsuitisland"]}]}},"_links":{"self":[{"href":"https:\/\/ttsuit.is\/is\/wp-json\/wp\/v2\/pages\/15","targetHints":{"allow":["GET"]}}],"collection":[{"href":"https:\/\/ttsuit.is\/is\/wp-json\/wp\/v2\/pages"}],"about":[{"href":"https:\/\/ttsuit.is\/is\/wp-json\/wp\/v2\/types\/page"}],"author":[{"embeddable":true,"href":"https:\/\/ttsuit.is\/is\/wp-json\/wp\/v2\/users\/5"}],"replies":[{"embeddable":true,"href":"https:\/\/ttsuit.is\/is\/wp-json\/wp\/v2\/comments?post=15"}],"version-history":[{"count":40,"href":"https:\/\/ttsuit.is\/is\/wp-json\/wp\/v2\/pages\/15\/revisions"}],"predecessor-version":[{"id":6634,"href":"https:\/\/ttsuit.is\/is\/wp-json\/wp\/v2\/pages\/15\/revisions\/6634"}],"wp:attachment":[{"href":"https:\/\/ttsuit.is\/is\/wp-json\/wp\/v2\/media?parent=15"}],"curies":[{"name":"wp","href":"https:\/\/api.w.org\/{rel}","templated":true}]}}