{"id":3165,"date":"2022-09-05T07:17:54","date_gmt":"2022-09-05T07:17:54","guid":{"rendered":"https:\/\/ttsuit.is\/?page_id=3165"},"modified":"2024-02-14T19:36:45","modified_gmt":"2024-02-14T13:06:45","slug":"timabokanir","status":"publish","type":"page","link":"https:\/\/ttsuit.is\/is\/timabokanir\/","title":{"rendered":"T\u00edmab\u00f3kanir"},"content":{"rendered":"<div data-elementor-type=\"wp-page\" data-elementor-id=\"3165\" class=\"elementor elementor-3165\" data-elementor-post-type=\"page\">\n\t\t\t\t\t\t<section class=\"elementor-section elementor-top-section elementor-element elementor-element-25a5b23 elementor-section-content-middle elementor-section-boxed elementor-section-height-default elementor-section-height-default\" data-id=\"25a5b23\" data-element_type=\"section\" data-settings=\"{&quot;background_background&quot;:&quot;classic&quot;}\">\n\t\t\t\t\t\t\t<div class=\"elementor-background-overlay\"><\/div>\n\t\t\t\t\t\t\t<div class=\"elementor-container elementor-column-gap-default\">\n\t\t\t\t\t<div class=\"elementor-column elementor-col-100 elementor-top-column elementor-element elementor-element-eaab056\" data-id=\"eaab056\" data-element_type=\"column\">\n\t\t\t<div class=\"elementor-widget-wrap elementor-element-populated\">\n\t\t\t\t\t\t<div class=\"elementor-element elementor-element-12a383b elementor-widget elementor-widget-image-box\" data-id=\"12a383b\" data-element_type=\"widget\" data-widget_type=\"image-box.default\">\n\t\t\t\t<div class=\"elementor-widget-container\">\n\t\t\t<div class=\"elementor-image-box-wrapper\"><div class=\"elementor-image-box-content\"><h1 class=\"elementor-image-box-title\"><a href=\"http:\/\/toggi@ttsuit.is\/is\/\">T\u00edmab\u00f3kanir<\/a><\/h1><p class=\"elementor-image-box-description\">Sko\u00f0a\u00f0u ferli\u00f0 h\u00e9r fyrir ne\u00f0an og b\u00f3ka\u00f0u t\u00edma. Ef h\u00f3pa og fyrirt\u00e6kjab\u00f3kanir telja 5 e\u00f0a fleiri skal vi\u00f0komandi hafa beint samband \u00e1 ttsuit@ttsuit.is<\/p><\/div><\/div>\t\t<\/div>\n\t\t\t\t<\/div>\n\t\t\t\t\t<\/div>\n\t\t<\/div>\n\t\t\t\t\t<\/div>\n\t\t<\/section>\n\t\t\t\t<section class=\"elementor-section elementor-top-section elementor-element elementor-element-61fc93d elementor-section-boxed elementor-section-height-default elementor-section-height-default\" data-id=\"61fc93d\" data-element_type=\"section\">\n\t\t\t\t\t\t<div class=\"elementor-container elementor-column-gap-default\">\n\t\t\t\t\t<div class=\"elementor-column elementor-col-100 elementor-top-column elementor-element elementor-element-86855a9\" data-id=\"86855a9\" data-element_type=\"column\">\n\t\t\t<div class=\"elementor-widget-wrap elementor-element-populated\">\n\t\t\t\t\t\t<div class=\"elementor-element elementor-element-2605951 elementor-widget elementor-widget-image\" data-id=\"2605951\" data-element_type=\"widget\" data-widget_type=\"image.default\">\n\t\t\t\t<div class=\"elementor-widget-container\">\n\t\t\t\t\t\t\t\t\t\t\t\t\t<img fetchpriority=\"high\" decoding=\"async\" width=\"1536\" height=\"1086\" src=\"https:\/\/ttsuit.is\/wp-content\/uploads\/2023\/08\/Verdlistiferli-5-1536x1086.png\" class=\"attachment-1536x1536 size-1536x1536 wp-image-5800\" alt=\"\" srcset=\"https:\/\/ttsuit.is\/wp-content\/uploads\/2023\/08\/Verdlistiferli-5-1536x1086.png 1536w, https:\/\/ttsuit.is\/wp-content\/uploads\/2023\/08\/Verdlistiferli-5-300x212.png 300w, https:\/\/ttsuit.is\/wp-content\/uploads\/2023\/08\/Verdlistiferli-5-1024x724.png 1024w, https:\/\/ttsuit.is\/wp-content\/uploads\/2023\/08\/Verdlistiferli-5-768x543.png 768w, https:\/\/ttsuit.is\/wp-content\/uploads\/2023\/08\/Verdlistiferli-5-2048x1448.png 2048w, https:\/\/ttsuit.is\/wp-content\/uploads\/2023\/08\/Verdlistiferli-5-18x12.png 18w, https:\/\/ttsuit.is\/wp-content\/uploads\/2023\/08\/Verdlistiferli-5-600x424.png 600w\" sizes=\"(max-width: 1536px) 100vw, 1536px\" \/>\t\t\t\t\t\t\t\t\t\t\t\t\t<\/div>\n\t\t\t\t<\/div>\n\t\t\t\t\t<\/div>\n\t\t<\/div>\n\t\t\t\t\t<\/div>\n\t\t<\/section>\n\t\t\t\t<section class=\"elementor-section elementor-top-section elementor-element elementor-element-32c2b9c elementor-section-boxed elementor-section-height-default elementor-section-height-default\" data-id=\"32c2b9c\" data-element_type=\"section\">\n\t\t\t\t\t\t<div class=\"elementor-container elementor-column-gap-default\">\n\t\t\t\t\t<div class=\"elementor-column elementor-col-100 elementor-top-column elementor-element elementor-element-4bb08be\" data-id=\"4bb08be\" data-element_type=\"column\">\n\t\t\t<div class=\"elementor-widget-wrap elementor-element-populated\">\n\t\t\t\t\t\t<div class=\"elementor-element elementor-element-bf22381 elementor-widget elementor-widget-text-editor\" data-id=\"bf22381\" data-element_type=\"widget\" data-widget_type=\"text-editor.default\">\n\t\t\t\t<div class=\"elementor-widget-container\">\n\t\t\t\t\t\t\t<p>Settu inn vi\u00f0eigandi uppl\u00fdsingar og \u00e9g mun hafa samband.\u00a0<\/p><p>Ef \u00fe\u00fa hefur einhverjar s\u00e9r\u00f3skir me\u00f0 \u00fatlit, t\u00edma e\u00f0a anna\u00f0 v\u00e6ri afbrag\u00f0 a\u00f0 skirfa \u00fe\u00e6r \u00f3skir \u00ed skilabo\u00f0.<\/p><p>Einnig er h\u00e6gt a\u00f0 senda t\u00f6lvup\u00f3st \u00e1 netfangi\u00f0 ttsuit@ttsuit.is e\u00f0a hafa samband \u00e1 samf\u00e9lagsmi\u00f0lum TT.<\/p>\t\t\t\t\t\t<\/div>\n\t\t\t\t<\/div>\n\t\t\t\t\t<\/div>\n\t\t<\/div>\n\t\t\t\t\t<\/div>\n\t\t<\/section>\n\t\t\t\t<section class=\"elementor-section elementor-top-section elementor-element elementor-element-b4f9768 elementor-section-boxed elementor-section-height-default elementor-section-height-default\" data-id=\"b4f9768\" data-element_type=\"section\">\n\t\t\t\t\t\t<div class=\"elementor-container elementor-column-gap-default\">\n\t\t\t\t\t<div class=\"elementor-column elementor-col-100 elementor-top-column elementor-element elementor-element-cabea8e\" data-id=\"cabea8e\" data-element_type=\"column\" data-settings=\"{&quot;background_background&quot;:&quot;classic&quot;}\">\n\t\t\t<div class=\"elementor-widget-wrap elementor-element-populated\">\n\t\t\t\t\t\t<div class=\"elementor-element elementor-element-eefe0a7 elementor-button-align-end elementor-mobile-button-align-center elementor-widget elementor-widget-form\" data-id=\"eefe0a7\" data-element_type=\"widget\" data-settings=\"{&quot;step_next_label&quot;:&quot;Next&quot;,&quot;step_previous_label&quot;:&quot;Previous&quot;,&quot;button_width&quot;:&quot;100&quot;,&quot;step_type&quot;:&quot;number_text&quot;,&quot;step_icon_shape&quot;:&quot;circle&quot;}\" data-widget_type=\"form.default\">\n\t\t\t\t<div class=\"elementor-widget-container\">\n\t\t\t\t\t<form class=\"elementor-form\" method=\"post\" name=\"T\u00edmab\u00f3kun\">\n\t\t\t<input type=\"hidden\" name=\"post_id\" value=\"3165\"\/>\n\t\t\t<input type=\"hidden\" name=\"form_id\" value=\"eefe0a7\"\/>\n\t\t\t<input type=\"hidden\" name=\"referer_title\" value=\"TT suit\" \/>\n\n\t\t\t\n\t\t\t<div class=\"elementor-form-fields-wrapper elementor-labels-above\">\n\t\t\t\t\t\t\t\t<div class=\"elementor-field-type-text elementor-field-group elementor-column elementor-field-group-name elementor-col-100 elementor-field-required elementor-mark-required\">\n\t\t\t\t\t\t\t\t\t\t\t\t<label for=\"form-field-name\" class=\"elementor-field-label\">\n\t\t\t\t\t\t\t\tNafn\t\t\t\t\t\t\t<\/label>\n\t\t\t\t\t\t\t\t\t\t\t\t\t\t<input size=\"1\" type=\"text\" name=\"form_fields[name]\" id=\"form-field-name\" class=\"elementor-field elementor-size-sm  elementor-field-textual\" required=\"required\" aria-required=\"true\">\n\t\t\t\t\t\t\t\t\t\t\t<\/div>\n\t\t\t\t\t\t\t\t<div class=\"elementor-field-type-text elementor-field-group elementor-column elementor-field-group-field_e240d83 elementor-col-50 elementor-field-required elementor-mark-required\">\n\t\t\t\t\t\t\t\t\t\t\t\t<label for=\"form-field-field_e240d83\" class=\"elementor-field-label\">\n\t\t\t\t\t\t\t\tS\u00edman\u00famer\t\t\t\t\t\t\t<\/label>\n\t\t\t\t\t\t\t\t\t\t\t\t\t\t<input size=\"1\" type=\"text\" name=\"form_fields[field_e240d83]\" id=\"form-field-field_e240d83\" class=\"elementor-field elementor-size-sm  elementor-field-textual\" required=\"required\" aria-required=\"true\">\n\t\t\t\t\t\t\t\t\t\t\t<\/div>\n\t\t\t\t\t\t\t\t<div class=\"elementor-field-type-email elementor-field-group elementor-column elementor-field-group-field_86760f7 elementor-col-50 elementor-field-required elementor-mark-required\">\n\t\t\t\t\t\t\t\t\t\t\t\t<label for=\"form-field-field_86760f7\" class=\"elementor-field-label\">\n\t\t\t\t\t\t\t\tT\u00f6lvup\u00f3stur\t\t\t\t\t\t\t<\/label>\n\t\t\t\t\t\t\t\t\t\t\t\t\t\t<input size=\"1\" type=\"email\" name=\"form_fields[field_86760f7]\" id=\"form-field-field_86760f7\" class=\"elementor-field elementor-size-sm  elementor-field-textual\" required=\"required\" aria-required=\"true\">\n\t\t\t\t\t\t\t\t\t\t\t<\/div>\n\t\t\t\t\t\t\t\t<div class=\"elementor-field-type-textarea elementor-field-group elementor-column elementor-field-group-message elementor-col-100\">\n\t\t\t\t\t\t\t\t\t\t\t\t<label for=\"form-field-message\" class=\"elementor-field-label\">\n\t\t\t\t\t\t\t\tSkilabo\u00f0\t\t\t\t\t\t\t<\/label>\n\t\t\t\t\t\t<textarea class=\"elementor-field-textual elementor-field  elementor-size-sm\" name=\"form_fields[message]\" id=\"form-field-message\" rows=\"4\"><\/textarea>\t\t\t\t<\/div>\n\t\t\t\t\t\t\t\t<div class=\"elementor-field-group elementor-column elementor-field-type-submit elementor-col-100 e-form__buttons\">\n\t\t\t\t\t<button class=\"elementor-button elementor-size-lg\" type=\"submit\">\n\t\t\t\t\t\t<span class=\"elementor-button-content-wrapper\">\n\t\t\t\t\t\t\t\t\t\t\t\t\t\t\t\t\t\t\t\t\t\t<span class=\"elementor-button-text\">Senda<\/span>\n\t\t\t\t\t\t\t\t\t\t\t\t\t<\/span>\n\t\t\t\t\t<\/button>\n\t\t\t\t<\/div>\n\t\t\t<\/div>\n\t\t<input type=\"hidden\" name=\"trp-form-language\" value=\"is\"\/><\/form>\n\t\t\t\t<\/div>\n\t\t\t\t<\/div>\n\t\t\t\t<div class=\"elementor-element elementor-element-192cbb8 elementor-widget elementor-widget-spacer\" data-id=\"192cbb8\" data-element_type=\"widget\" data-widget_type=\"spacer.default\">\n\t\t\t\t<div class=\"elementor-widget-container\">\n\t\t\t\t\t<div class=\"elementor-spacer\">\n\t\t\t<div class=\"elementor-spacer-inner\"><\/div>\n\t\t<\/div>\n\t\t\t\t<\/div>\n\t\t\t\t<\/div>\n\t\t\t\t\t<\/div>\n\t\t<\/div>\n\t\t\t\t\t<\/div>\n\t\t<\/section>\n\t\t\t\t<\/div>","protected":false},"excerpt":{"rendered":"<p>T\u00edmab\u00f3kanir Sko\u00f0a\u00f0u ferli\u00f0 h\u00e9r fyrir ne\u00f0an og b\u00f3ka\u00f0u t\u00edma. Ef h\u00f3pa og fyrirt\u00e6kjab\u00f3kanir telja 5 e\u00f0a fleiri skal vi\u00f0komandi hafa beint samband \u00e1 ttsuit@ttsuit.is Settu inn vi\u00f0eigandi uppl\u00fdsingar og \u00e9g mun hafa samband.\u00a0 Ef \u00fe\u00fa hefur einhverjar s\u00e9r\u00f3skir me\u00f0 \u00fatlit, t\u00edma e\u00f0a anna\u00f0 v\u00e6ri afbrag\u00f0 a\u00f0 skirfa \u00fe\u00e6r \u00f3skir \u00ed skilabo\u00f0. Einnig er h\u00e6gt a\u00f0 [&hellip;]<\/p>","protected":false},"author":5,"featured_media":0,"parent":0,"menu_order":0,"comment_status":"closed","ping_status":"closed","template":"elementor_header_footer","meta":{"site-sidebar-layout":"no-sidebar","site-content-layout":"page-builder","ast-site-content-layout":"","site-content-style":"default","site-sidebar-style":"default","ast-global-header-display":"","ast-banner-title-visibility":"","ast-main-header-display":"","ast-hfb-above-header-display":"","ast-hfb-below-header-display":"","ast-hfb-mobile-header-display":"","site-post-title":"disabled","ast-breadcrumbs-content":"","ast-featured-img":"disabled","footer-sml-layout":"","theme-transparent-header-meta":"","adv-header-id-meta":"","stick-header-meta":"","header-above-stick-meta":"","header-main-stick-meta":"","header-below-stick-meta":"","astra-migrate-meta-layouts":"default","ast-page-background-enabled":"default","ast-page-background-meta":{"desktop":{"background-color":"","background-image":"","background-repeat":"repeat","background-position":"center center","background-size":"auto","background-attachment":"scroll","background-type":"","background-media":"","overlay-type":"","overlay-color":"","overlay-gradient":""},"tablet":{"background-color":"","background-image":"","background-repeat":"repeat","background-position":"center center","background-size":"auto","background-attachment":"scroll","background-type":"","background-media":"","overlay-type":"","overlay-color":"","overlay-gradient":""},"mobile":{"background-color":"","background-image":"","background-repeat":"repeat","background-position":"center center","background-size":"auto","background-attachment":"scroll","background-type":"","background-media":"","overlay-type":"","overlay-color":"","overlay-gradient":""}},"ast-content-background-meta":{"desktop":{"background-color":"var(--ast-global-color-5)","background-image":"","background-repeat":"repeat","background-position":"center center","background-size":"auto","background-attachment":"scroll","background-type":"","background-media":"","overlay-type":"","overlay-color":"","overlay-gradient":""},"tablet":{"background-color":"var(--ast-global-color-5)","background-image":"","background-repeat":"repeat","background-position":"center center","background-size":"auto","background-attachment":"scroll","background-type":"","background-media":"","overlay-type":"","overlay-color":"","overlay-gradient":""},"mobile":{"background-color":"var(--ast-global-color-5)","background-image":"","background-repeat":"repeat","background-position":"center center","background-size":"auto","background-attachment":"scroll","background-type":"","background-media":"","overlay-type":"","overlay-color":"","overlay-gradient":""}},"footnotes":""},"class_list":["post-3165","page","type-page","status-publish","hentry"],"yoast_head":"<!-- This site is optimized with the Yoast SEO plugin v23.6 - https:\/\/yoast.com\/wordpress\/plugins\/seo\/ -->\n<title>T\u00edmab\u00f3kanir - TT suit<\/title>\n<meta name=\"robots\" content=\"index, follow, max-snippet:-1, max-image-preview:large, max-video-preview:-1\" \/>\n<link rel=\"canonical\" href=\"https:\/\/ttsuit.is\/is\/timabokanir\/\" \/>\n<meta property=\"og:locale\" content=\"is_IS\" \/>\n<meta property=\"og:type\" content=\"article\" \/>\n<meta property=\"og:title\" content=\"T\u00edmab\u00f3kanir - TT suit\" \/>\n<meta property=\"og:description\" content=\"T\u00edmab\u00f3kanir Sko\u00f0a\u00f0u ferli\u00f0 h\u00e9r fyrir ne\u00f0an og b\u00f3ka\u00f0u t\u00edma. Ef h\u00f3pa og fyrirt\u00e6kjab\u00f3kanir telja 5 e\u00f0a fleiri skal vi\u00f0komandi hafa beint samband \u00e1 ttsuit@ttsuit.is Settu inn vi\u00f0eigandi uppl\u00fdsingar og \u00e9g mun hafa samband.\u00a0 Ef \u00fe\u00fa hefur einhverjar s\u00e9r\u00f3skir me\u00f0 \u00fatlit, t\u00edma e\u00f0a anna\u00f0 v\u00e6ri afbrag\u00f0 a\u00f0 skirfa \u00fe\u00e6r \u00f3skir \u00ed skilabo\u00f0. Einnig er h\u00e6gt a\u00f0 [&hellip;]\" \/>\n<meta property=\"og:url\" content=\"https:\/\/ttsuit.is\/is\/timabokanir\/\" \/>\n<meta property=\"og:site_name\" content=\"TT suit\" \/>\n<meta property=\"article:publisher\" content=\"https:\/\/www.facebook.com\/ttsuitisland\" \/>\n<meta property=\"article:modified_time\" content=\"2024-02-14T13:06:45+00:00\" \/>\n<meta property=\"og:image\" content=\"https:\/\/ttsuit.is\/wp-content\/uploads\/2023\/08\/Verdlistiferli-5-1536x1086.png\" \/>\n<meta name=\"twitter:label1\" content=\"Est. reading time\" \/>\n\t<meta name=\"twitter:data1\" content=\"1 minute\" \/>\n<script type=\"application\/ld+json\" class=\"yoast-schema-graph\">{\"@context\":\"https:\/\/schema.org\",\"@graph\":[{\"@type\":\"WebPage\",\"@id\":\"https:\/\/ttsuit.is\/timabokanir\/\",\"url\":\"https:\/\/ttsuit.is\/timabokanir\/\",\"name\":\"T\u00edmab\u00f3kanir - TT suit\",\"isPartOf\":{\"@id\":\"https:\/\/ttsuit.is\/#website\"},\"primaryImageOfPage\":{\"@id\":\"https:\/\/ttsuit.is\/timabokanir\/#primaryimage\"},\"image\":{\"@id\":\"https:\/\/ttsuit.is\/timabokanir\/#primaryimage\"},\"thumbnailUrl\":\"https:\/\/ttsuit.is\/wp-content\/uploads\/2023\/08\/Verdlistiferli-5-1536x1086.png\",\"datePublished\":\"2022-09-05T07:17:54+00:00\",\"dateModified\":\"2024-02-14T13:06:45+00:00\",\"breadcrumb\":{\"@id\":\"https:\/\/ttsuit.is\/timabokanir\/#breadcrumb\"},\"inLanguage\":\"is\",\"potentialAction\":[{\"@type\":\"ReadAction\",\"target\":[\"https:\/\/ttsuit.is\/timabokanir\/\"]}]},{\"@type\":\"ImageObject\",\"inLanguage\":\"is\",\"@id\":\"https:\/\/ttsuit.is\/timabokanir\/#primaryimage\",\"url\":\"https:\/\/ttsuit.is\/wp-content\/uploads\/2023\/08\/Verdlistiferli-5-1536x1086.png\",\"contentUrl\":\"https:\/\/ttsuit.is\/wp-content\/uploads\/2023\/08\/Verdlistiferli-5-1536x1086.png\"},{\"@type\":\"BreadcrumbList\",\"@id\":\"https:\/\/ttsuit.is\/timabokanir\/#breadcrumb\",\"itemListElement\":[{\"@type\":\"ListItem\",\"position\":1,\"name\":\"Home\",\"item\":\"https:\/\/ttsuit.is\/\"},{\"@type\":\"ListItem\",\"position\":2,\"name\":\"T\u00edmab\u00f3kanir\"}]},{\"@type\":\"WebSite\",\"@id\":\"https:\/\/ttsuit.is\/#website\",\"url\":\"https:\/\/ttsuit.is\/\",\"name\":\"TT suit\",\"description\":\"S\u00e9rsaumur\",\"publisher\":{\"@id\":\"https:\/\/ttsuit.is\/#organization\"},\"potentialAction\":[{\"@type\":\"SearchAction\",\"target\":{\"@type\":\"EntryPoint\",\"urlTemplate\":\"https:\/\/ttsuit.is\/?s={search_term_string}\"},\"query-input\":{\"@type\":\"PropertyValueSpecification\",\"valueRequired\":true,\"valueName\":\"search_term_string\"}}],\"inLanguage\":\"is\"},{\"@type\":\"Organization\",\"@id\":\"https:\/\/ttsuit.is\/#organization\",\"name\":\"TT suit\",\"url\":\"https:\/\/ttsuit.is\/\",\"logo\":{\"@type\":\"ImageObject\",\"inLanguage\":\"is\",\"@id\":\"https:\/\/ttsuit.is\/#\/schema\/logo\/image\/\",\"url\":\"https:\/\/ttsuit.is\/wp-content\/uploads\/2022\/08\/cropped-TTlogo10101.png\",\"contentUrl\":\"https:\/\/ttsuit.is\/wp-content\/uploads\/2022\/08\/cropped-TTlogo10101.png\",\"width\":1226,\"height\":550,\"caption\":\"TT suit\"},\"image\":{\"@id\":\"https:\/\/ttsuit.is\/#\/schema\/logo\/image\/\"},\"sameAs\":[\"https:\/\/www.facebook.com\/ttsuitisland\",\"https:\/\/www.instagram.com\/ttsuitisland\"]}]}<\/script>\n<!-- \/ Yoast SEO plugin. -->","yoast_head_json":{"title":"T\u00edmab\u00f3kanir - TT suit","robots":{"index":"index","follow":"follow","max-snippet":"max-snippet:-1","max-image-preview":"max-image-preview:large","max-video-preview":"max-video-preview:-1"},"canonical":"https:\/\/ttsuit.is\/is\/timabokanir\/","og_locale":"is_IS","og_type":"article","og_title":"T\u00edmab\u00f3kanir - TT suit","og_description":"T\u00edmab\u00f3kanir Sko\u00f0a\u00f0u ferli\u00f0 h\u00e9r fyrir ne\u00f0an og b\u00f3ka\u00f0u t\u00edma. Ef h\u00f3pa og fyrirt\u00e6kjab\u00f3kanir telja 5 e\u00f0a fleiri skal vi\u00f0komandi hafa beint samband \u00e1 ttsuit@ttsuit.is Settu inn vi\u00f0eigandi uppl\u00fdsingar og \u00e9g mun hafa samband.\u00a0 Ef \u00fe\u00fa hefur einhverjar s\u00e9r\u00f3skir me\u00f0 \u00fatlit, t\u00edma e\u00f0a anna\u00f0 v\u00e6ri afbrag\u00f0 a\u00f0 skirfa \u00fe\u00e6r \u00f3skir \u00ed skilabo\u00f0. Einnig er h\u00e6gt a\u00f0 [&hellip;]","og_url":"https:\/\/ttsuit.is\/is\/timabokanir\/","og_site_name":"TT suit","article_publisher":"https:\/\/www.facebook.com\/ttsuitisland","article_modified_time":"2024-02-14T13:06:45+00:00","og_image":[{"url":"https:\/\/ttsuit.is\/wp-content\/uploads\/2023\/08\/Verdlistiferli-5-1536x1086.png"}],"twitter_misc":{"Est. reading time":"1 minute"},"schema":{"@context":"https:\/\/schema.org","@graph":[{"@type":"WebPage","@id":"https:\/\/ttsuit.is\/timabokanir\/","url":"https:\/\/ttsuit.is\/timabokanir\/","name":"T\u00edmab\u00f3kanir - TT suit","isPartOf":{"@id":"https:\/\/ttsuit.is\/#website"},"primaryImageOfPage":{"@id":"https:\/\/ttsuit.is\/timabokanir\/#primaryimage"},"image":{"@id":"https:\/\/ttsuit.is\/timabokanir\/#primaryimage"},"thumbnailUrl":"https:\/\/ttsuit.is\/wp-content\/uploads\/2023\/08\/Verdlistiferli-5-1536x1086.png","datePublished":"2022-09-05T07:17:54+00:00","dateModified":"2024-02-14T13:06:45+00:00","breadcrumb":{"@id":"https:\/\/ttsuit.is\/timabokanir\/#breadcrumb"},"inLanguage":"is","potentialAction":[{"@type":"ReadAction","target":["https:\/\/ttsuit.is\/timabokanir\/"]}]},{"@type":"ImageObject","inLanguage":"is","@id":"https:\/\/ttsuit.is\/timabokanir\/#primaryimage","url":"https:\/\/ttsuit.is\/wp-content\/uploads\/2023\/08\/Verdlistiferli-5-1536x1086.png","contentUrl":"https:\/\/ttsuit.is\/wp-content\/uploads\/2023\/08\/Verdlistiferli-5-1536x1086.png"},{"@type":"BreadcrumbList","@id":"https:\/\/ttsuit.is\/timabokanir\/#breadcrumb","itemListElement":[{"@type":"ListItem","position":1,"name":"Home","item":"https:\/\/ttsuit.is\/"},{"@type":"ListItem","position":2,"name":"T\u00edmab\u00f3kanir"}]},{"@type":"WebSite","@id":"https:\/\/ttsuit.is\/#website","url":"https:\/\/ttsuit.is\/","name":"TT suit","description":"S\u00e9rsaumur","publisher":{"@id":"https:\/\/ttsuit.is\/#organization"},"potentialAction":[{"@type":"SearchAction","target":{"@type":"EntryPoint","urlTemplate":"https:\/\/ttsuit.is\/?s={search_term_string}"},"query-input":{"@type":"PropertyValueSpecification","valueRequired":true,"valueName":"search_term_string"}}],"inLanguage":"is"},{"@type":"Organization","@id":"https:\/\/ttsuit.is\/#organization","name":"TT suit","url":"https:\/\/ttsuit.is\/","logo":{"@type":"ImageObject","inLanguage":"is","@id":"https:\/\/ttsuit.is\/#\/schema\/logo\/image\/","url":"https:\/\/ttsuit.is\/wp-content\/uploads\/2022\/08\/cropped-TTlogo10101.png","contentUrl":"https:\/\/ttsuit.is\/wp-content\/uploads\/2022\/08\/cropped-TTlogo10101.png","width":1226,"height":550,"caption":"TT suit"},"image":{"@id":"https:\/\/ttsuit.is\/#\/schema\/logo\/image\/"},"sameAs":["https:\/\/www.facebook.com\/ttsuitisland","https:\/\/www.instagram.com\/ttsuitisland"]}]}},"_links":{"self":[{"href":"https:\/\/ttsuit.is\/is\/wp-json\/wp\/v2\/pages\/3165","targetHints":{"allow":["GET"]}}],"collection":[{"href":"https:\/\/ttsuit.is\/is\/wp-json\/wp\/v2\/pages"}],"about":[{"href":"https:\/\/ttsuit.is\/is\/wp-json\/wp\/v2\/types\/page"}],"author":[{"embeddable":true,"href":"https:\/\/ttsuit.is\/is\/wp-json\/wp\/v2\/users\/5"}],"replies":[{"embeddable":true,"href":"https:\/\/ttsuit.is\/is\/wp-json\/wp\/v2\/comments?post=3165"}],"version-history":[{"count":73,"href":"https:\/\/ttsuit.is\/is\/wp-json\/wp\/v2\/pages\/3165\/revisions"}],"predecessor-version":[{"id":6773,"href":"https:\/\/ttsuit.is\/is\/wp-json\/wp\/v2\/pages\/3165\/revisions\/6773"}],"wp:attachment":[{"href":"https:\/\/ttsuit.is\/is\/wp-json\/wp\/v2\/media?parent=3165"}],"curies":[{"name":"wp","href":"https:\/\/api.w.org\/{rel}","templated":true}]}}