{"id":4103,"date":"2022-09-17T02:26:45","date_gmt":"2022-09-16T19:56:45","guid":{"rendered":"https:\/\/ttsuit.is\/?page_id=4103"},"modified":"2023-10-03T21:30:27","modified_gmt":"2023-10-03T15:00:27","slug":"gjafabref","status":"publish","type":"page","link":"https:\/\/ttsuit.is\/is\/gjafabref\/","title":{"rendered":"Gjafabr\u00e9f"},"content":{"rendered":"<div data-elementor-type=\"wp-page\" data-elementor-id=\"4103\" class=\"elementor elementor-4103\" data-elementor-post-type=\"page\">\n\t\t\t\t\t\t<section class=\"elementor-section elementor-top-section elementor-element elementor-element-6655b57 elementor-section-content-middle elementor-section-boxed elementor-section-height-default elementor-section-height-default\" data-id=\"6655b57\" data-element_type=\"section\" data-settings=\"{&quot;background_background&quot;:&quot;classic&quot;}\">\n\t\t\t\t\t\t\t<div class=\"elementor-background-overlay\"><\/div>\n\t\t\t\t\t\t\t<div class=\"elementor-container elementor-column-gap-default\">\n\t\t\t\t\t<div class=\"elementor-column elementor-col-100 elementor-top-column elementor-element elementor-element-a6a766c\" data-id=\"a6a766c\" data-element_type=\"column\">\n\t\t\t<div class=\"elementor-widget-wrap elementor-element-populated\">\n\t\t\t\t\t\t<div class=\"elementor-element elementor-element-8c01e49 elementor-widget elementor-widget-image-box\" data-id=\"8c01e49\" data-element_type=\"widget\" data-widget_type=\"image-box.default\">\n\t\t\t\t<div class=\"elementor-widget-container\">\n\t\t\t<div class=\"elementor-image-box-wrapper\"><div class=\"elementor-image-box-content\"><h1 class=\"elementor-image-box-title\">Gjafabr\u00e9f<\/h1><p class=\"elementor-image-box-description\">Komdu \u00fe\u00ednum \u00e1 \u00f3vart me\u00f0  gj\u00f6f sem gle\u00f0ur. Fylltu \u00fat formi\u00f0 h\u00e9r a\u00f0 ne\u00f0an og \u00e9g hef samband!\n<\/p><\/div><\/div>\t\t<\/div>\n\t\t\t\t<\/div>\n\t\t\t\t\t<\/div>\n\t\t<\/div>\n\t\t\t\t\t<\/div>\n\t\t<\/section>\n\t\t\t\t<section class=\"elementor-section elementor-top-section elementor-element elementor-element-a8c8dea elementor-section-boxed elementor-section-height-default elementor-section-height-default\" data-id=\"a8c8dea\" data-element_type=\"section\">\n\t\t\t\t\t\t<div class=\"elementor-container elementor-column-gap-default\">\n\t\t\t\t\t<div class=\"elementor-column elementor-col-100 elementor-top-column elementor-element elementor-element-cd0fa2b\" data-id=\"cd0fa2b\" data-element_type=\"column\" data-settings=\"{&quot;background_background&quot;:&quot;classic&quot;}\">\n\t\t\t<div class=\"elementor-widget-wrap elementor-element-populated\">\n\t\t\t\t\t\t<div class=\"elementor-element elementor-element-c1ed1f4 elementor-button-align-end elementor-widget elementor-widget-form\" data-id=\"c1ed1f4\" data-element_type=\"widget\" data-settings=\"{&quot;step_next_label&quot;:&quot;Next&quot;,&quot;step_previous_label&quot;:&quot;Previous&quot;,&quot;button_width&quot;:&quot;100&quot;,&quot;step_type&quot;:&quot;number_text&quot;,&quot;step_icon_shape&quot;:&quot;circle&quot;}\" data-widget_type=\"form.default\">\n\t\t\t\t<div class=\"elementor-widget-container\">\n\t\t\t\t\t<form class=\"elementor-form\" method=\"post\" name=\"Gift card Form\">\n\t\t\t<input type=\"hidden\" name=\"post_id\" value=\"4103\"\/>\n\t\t\t<input type=\"hidden\" name=\"form_id\" value=\"c1ed1f4\"\/>\n\t\t\t<input type=\"hidden\" name=\"referer_title\" value=\"TT suit\" \/>\n\n\t\t\t\n\t\t\t<div class=\"elementor-form-fields-wrapper elementor-labels-above\">\n\t\t\t\t\t\t\t\t<div class=\"elementor-field-type-text elementor-field-group elementor-column elementor-field-group-name elementor-col-100 elementor-field-required\">\n\t\t\t\t\t\t\t\t\t\t\t\t<label for=\"form-field-name\" class=\"elementor-field-label\">\n\t\t\t\t\t\t\t\tNafn\t\t\t\t\t\t\t<\/label>\n\t\t\t\t\t\t\t\t\t\t\t\t\t\t<input size=\"1\" type=\"text\" name=\"form_fields[name]\" id=\"form-field-name\" class=\"elementor-field elementor-size-sm  elementor-field-textual\" required=\"required\" aria-required=\"true\">\n\t\t\t\t\t\t\t\t\t\t\t<\/div>\n\t\t\t\t\t\t\t\t<div class=\"elementor-field-type-email elementor-field-group elementor-column elementor-field-group-email elementor-col-50 elementor-field-required\">\n\t\t\t\t\t\t\t\t\t\t\t\t<label for=\"form-field-email\" class=\"elementor-field-label\">\n\t\t\t\t\t\t\t\tT\u00f6lvup\u00f3stur\t\t\t\t\t\t\t<\/label>\n\t\t\t\t\t\t\t\t\t\t\t\t\t\t<input size=\"1\" type=\"email\" name=\"form_fields[email]\" id=\"form-field-email\" class=\"elementor-field elementor-size-sm  elementor-field-textual\" required=\"required\" aria-required=\"true\">\n\t\t\t\t\t\t\t\t\t\t\t<\/div>\n\t\t\t\t\t\t\t\t<div class=\"elementor-field-type-number elementor-field-group elementor-column elementor-field-group-field_6536e09 elementor-col-50 elementor-field-required\">\n\t\t\t\t\t\t\t\t\t\t\t\t<label for=\"form-field-field_6536e09\" class=\"elementor-field-label\">\n\t\t\t\t\t\t\t\tUpph\u00e6\u00f0\t\t\t\t\t\t\t<\/label>\n\t\t\t\t\t\t\t\t\t<input type=\"number\" name=\"form_fields[field_6536e09]\" id=\"form-field-field_6536e09\" class=\"elementor-field elementor-size-sm  elementor-field-textual\" required=\"required\" aria-required=\"true\" min=\"\" max=\"\" >\n\t\t\t\t\t\t<\/div>\n\t\t\t\t\t\t\t\t<div class=\"elementor-field-type-textarea elementor-field-group elementor-column elementor-field-group-message elementor-col-100\">\n\t\t\t\t\t\t\t\t\t\t\t\t<label for=\"form-field-message\" class=\"elementor-field-label\">\n\t\t\t\t\t\t\t\tSkilabo\u00f0\t\t\t\t\t\t\t<\/label>\n\t\t\t\t\t\t<textarea class=\"elementor-field-textual elementor-field  elementor-size-sm\" name=\"form_fields[message]\" id=\"form-field-message\" rows=\"4\"><\/textarea>\t\t\t\t<\/div>\n\t\t\t\t\t\t\t\t<div class=\"elementor-field-group elementor-column elementor-field-type-submit elementor-col-100 e-form__buttons\">\n\t\t\t\t\t<button class=\"elementor-button elementor-size-sm\" type=\"submit\">\n\t\t\t\t\t\t<span class=\"elementor-button-content-wrapper\">\n\t\t\t\t\t\t\t\t\t\t\t\t\t\t\t\t\t\t\t\t\t\t<span class=\"elementor-button-text\">Senda<\/span>\n\t\t\t\t\t\t\t\t\t\t\t\t\t<\/span>\n\t\t\t\t\t<\/button>\n\t\t\t\t<\/div>\n\t\t\t<\/div>\n\t\t<input type=\"hidden\" name=\"trp-form-language\" value=\"is\"\/><\/form>\n\t\t\t\t<\/div>\n\t\t\t\t<\/div>\n\t\t\t\t\t<\/div>\n\t\t<\/div>\n\t\t\t\t\t<\/div>\n\t\t<\/section>\n\t\t\t\t<section class=\"elementor-section elementor-top-section elementor-element elementor-element-207c8fe elementor-section-boxed elementor-section-height-default elementor-section-height-default\" data-id=\"207c8fe\" data-element_type=\"section\">\n\t\t\t\t\t\t<div class=\"elementor-container elementor-column-gap-default\">\n\t\t\t\t\t<div class=\"elementor-column elementor-col-100 elementor-top-column elementor-element elementor-element-f1bfd3e\" data-id=\"f1bfd3e\" data-element_type=\"column\">\n\t\t\t<div class=\"elementor-widget-wrap elementor-element-populated\">\n\t\t\t\t\t\t<div class=\"elementor-element elementor-element-db06fa1 elementor-widget elementor-widget-heading\" data-id=\"db06fa1\" data-element_type=\"widget\" data-widget_type=\"heading.default\">\n\t\t\t\t<div class=\"elementor-widget-container\">\n\t\t\t<h3 class=\"elementor-heading-title elementor-size-default\">Sendum br\u00e9fin rafr\u00e6nt e\u00f0a \u00ed br\u00e9fp\u00f3sti!<\/h3>\t\t<\/div>\n\t\t\t\t<\/div>\n\t\t\t\t<div class=\"elementor-element elementor-element-9130fd7 elementor-widget-divider--view-line elementor-widget elementor-widget-divider\" data-id=\"9130fd7\" data-element_type=\"widget\" data-widget_type=\"divider.default\">\n\t\t\t\t<div class=\"elementor-widget-container\">\n\t\t\t\t\t<div class=\"elementor-divider\">\n\t\t\t<span class=\"elementor-divider-separator\">\n\t\t\t\t\t\t<\/span>\n\t\t<\/div>\n\t\t\t\t<\/div>\n\t\t\t\t<\/div>\n\t\t\t\t<div class=\"elementor-element elementor-element-b3ec3e0 elementor-widget elementor-widget-image\" data-id=\"b3ec3e0\" data-element_type=\"widget\" data-widget_type=\"image.default\">\n\t\t\t\t<div class=\"elementor-widget-container\">\n\t\t\t\t\t\t\t\t\t\t\t\t\t<img fetchpriority=\"high\" decoding=\"async\" width=\"1024\" height=\"1024\" src=\"https:\/\/ttsuit.is\/wp-content\/uploads\/2023\/10\/www.reallygreatsite.com-3-1024x1024.png\" class=\"attachment-large size-large wp-image-6416\" alt=\"Gjafabr\u00e9f\" srcset=\"https:\/\/ttsuit.is\/wp-content\/uploads\/2023\/10\/www.reallygreatsite.com-3-1024x1024.png 1024w, https:\/\/ttsuit.is\/wp-content\/uploads\/2023\/10\/www.reallygreatsite.com-3-300x300.png 300w, https:\/\/ttsuit.is\/wp-content\/uploads\/2023\/10\/www.reallygreatsite.com-3-150x150.png 150w, https:\/\/ttsuit.is\/wp-content\/uploads\/2023\/10\/www.reallygreatsite.com-3-768x768.png 768w, https:\/\/ttsuit.is\/wp-content\/uploads\/2023\/10\/www.reallygreatsite.com-3-12x12.png 12w, https:\/\/ttsuit.is\/wp-content\/uploads\/2023\/10\/www.reallygreatsite.com-3-600x600.png 600w, https:\/\/ttsuit.is\/wp-content\/uploads\/2023\/10\/www.reallygreatsite.com-3-100x100.png 100w, https:\/\/ttsuit.is\/wp-content\/uploads\/2023\/10\/www.reallygreatsite.com-3-50x50.png 50w, https:\/\/ttsuit.is\/wp-content\/uploads\/2023\/10\/www.reallygreatsite.com-3.png 1080w\" sizes=\"(max-width: 1024px) 100vw, 1024px\" \/>\t\t\t\t\t\t\t\t\t\t\t\t\t<\/div>\n\t\t\t\t<\/div>\n\t\t\t\t\t<\/div>\n\t\t<\/div>\n\t\t\t\t\t<\/div>\n\t\t<\/section>\n\t\t\t\t<\/div>","protected":false},"excerpt":{"rendered":"<p>Gjafabr\u00e9f Komdu \u00fe\u00ednum \u00e1 \u00f3vart me\u00f0 gj\u00f6f sem gle\u00f0ur. Fylltu \u00fat formi\u00f0 h\u00e9r a\u00f0 ne\u00f0an og \u00e9g hef samband! Sendum br\u00e9fin rafr\u00e6nt e\u00f0a \u00ed br\u00e9fp\u00f3sti!<\/p>","protected":false},"author":5,"featured_media":0,"parent":0,"menu_order":0,"comment_status":"closed","ping_status":"closed","template":"elementor_header_footer","meta":{"site-sidebar-layout":"no-sidebar","site-content-layout":"page-builder","ast-site-content-layout":"","site-content-style":"default","site-sidebar-style":"default","ast-global-header-display":"","ast-banner-title-visibility":"","ast-main-header-display":"","ast-hfb-above-header-display":"","ast-hfb-below-header-display":"","ast-hfb-mobile-header-display":"","site-post-title":"disabled","ast-breadcrumbs-content":"","ast-featured-img":"disabled","footer-sml-layout":"","theme-transparent-header-meta":"","adv-header-id-meta":"","stick-header-meta":"","header-above-stick-meta":"","header-main-stick-meta":"","header-below-stick-meta":"","astra-migrate-meta-layouts":"default","ast-page-background-enabled":"default","ast-page-background-meta":{"desktop":{"background-color":"","background-image":"","background-repeat":"repeat","background-position":"center center","background-size":"auto","background-attachment":"scroll","background-type":"","background-media":"","overlay-type":"","overlay-color":"","overlay-gradient":""},"tablet":{"background-color":"","background-image":"","background-repeat":"repeat","background-position":"center center","background-size":"auto","background-attachment":"scroll","background-type":"","background-media":"","overlay-type":"","overlay-color":"","overlay-gradient":""},"mobile":{"background-color":"","background-image":"","background-repeat":"repeat","background-position":"center center","background-size":"auto","background-attachment":"scroll","background-type":"","background-media":"","overlay-type":"","overlay-color":"","overlay-gradient":""}},"ast-content-background-meta":{"desktop":{"background-color":"var(--ast-global-color-5)","background-image":"","background-repeat":"repeat","background-position":"center center","background-size":"auto","background-attachment":"scroll","background-type":"","background-media":"","overlay-type":"","overlay-color":"","overlay-gradient":""},"tablet":{"background-color":"var(--ast-global-color-5)","background-image":"","background-repeat":"repeat","background-position":"center center","background-size":"auto","background-attachment":"scroll","background-type":"","background-media":"","overlay-type":"","overlay-color":"","overlay-gradient":""},"mobile":{"background-color":"var(--ast-global-color-5)","background-image":"","background-repeat":"repeat","background-position":"center center","background-size":"auto","background-attachment":"scroll","background-type":"","background-media":"","overlay-type":"","overlay-color":"","overlay-gradient":""}},"footnotes":""},"class_list":["post-4103","page","type-page","status-publish","hentry"],"yoast_head":"<!-- This site is optimized with the Yoast SEO plugin v23.6 - https:\/\/yoast.com\/wordpress\/plugins\/seo\/ -->\n<title>Gjafabr\u00e9f - TT suit<\/title>\n<meta name=\"robots\" content=\"index, follow, max-snippet:-1, max-image-preview:large, max-video-preview:-1\" \/>\n<link rel=\"canonical\" href=\"https:\/\/ttsuit.is\/is\/gjafabref\/\" \/>\n<meta property=\"og:locale\" content=\"is_IS\" \/>\n<meta property=\"og:type\" content=\"article\" \/>\n<meta property=\"og:title\" content=\"Gjafabr\u00e9f - TT suit\" \/>\n<meta property=\"og:description\" content=\"Gjafabr\u00e9f Komdu \u00fe\u00ednum \u00e1 \u00f3vart me\u00f0 gj\u00f6f sem gle\u00f0ur. Fylltu \u00fat formi\u00f0 h\u00e9r a\u00f0 ne\u00f0an og \u00e9g hef samband! Sendum br\u00e9fin rafr\u00e6nt e\u00f0a \u00ed br\u00e9fp\u00f3sti!\" \/>\n<meta property=\"og:url\" content=\"https:\/\/ttsuit.is\/is\/gjafabref\/\" \/>\n<meta property=\"og:site_name\" content=\"TT suit\" \/>\n<meta property=\"article:publisher\" content=\"https:\/\/www.facebook.com\/ttsuitisland\" \/>\n<meta property=\"article:modified_time\" content=\"2023-10-03T15:00:27+00:00\" \/>\n<meta property=\"og:image\" content=\"https:\/\/ttsuit.is\/wp-content\/uploads\/2023\/10\/www.reallygreatsite.com-3-1024x1024.png\" \/>\n<script type=\"application\/ld+json\" class=\"yoast-schema-graph\">{\"@context\":\"https:\/\/schema.org\",\"@graph\":[{\"@type\":\"WebPage\",\"@id\":\"https:\/\/ttsuit.is\/gjafabref\/\",\"url\":\"https:\/\/ttsuit.is\/gjafabref\/\",\"name\":\"Gjafabr\u00e9f - TT suit\",\"isPartOf\":{\"@id\":\"https:\/\/ttsuit.is\/#website\"},\"primaryImageOfPage\":{\"@id\":\"https:\/\/ttsuit.is\/gjafabref\/#primaryimage\"},\"image\":{\"@id\":\"https:\/\/ttsuit.is\/gjafabref\/#primaryimage\"},\"thumbnailUrl\":\"https:\/\/ttsuit.is\/wp-content\/uploads\/2023\/10\/www.reallygreatsite.com-3-1024x1024.png\",\"datePublished\":\"2022-09-16T19:56:45+00:00\",\"dateModified\":\"2023-10-03T15:00:27+00:00\",\"breadcrumb\":{\"@id\":\"https:\/\/ttsuit.is\/gjafabref\/#breadcrumb\"},\"inLanguage\":\"is\",\"potentialAction\":[{\"@type\":\"ReadAction\",\"target\":[\"https:\/\/ttsuit.is\/gjafabref\/\"]}]},{\"@type\":\"ImageObject\",\"inLanguage\":\"is\",\"@id\":\"https:\/\/ttsuit.is\/gjafabref\/#primaryimage\",\"url\":\"https:\/\/ttsuit.is\/wp-content\/uploads\/2023\/10\/www.reallygreatsite.com-3-1024x1024.png\",\"contentUrl\":\"https:\/\/ttsuit.is\/wp-content\/uploads\/2023\/10\/www.reallygreatsite.com-3-1024x1024.png\"},{\"@type\":\"BreadcrumbList\",\"@id\":\"https:\/\/ttsuit.is\/gjafabref\/#breadcrumb\",\"itemListElement\":[{\"@type\":\"ListItem\",\"position\":1,\"name\":\"Home\",\"item\":\"https:\/\/ttsuit.is\/\"},{\"@type\":\"ListItem\",\"position\":2,\"name\":\"Gjafabr\u00e9f\"}]},{\"@type\":\"WebSite\",\"@id\":\"https:\/\/ttsuit.is\/#website\",\"url\":\"https:\/\/ttsuit.is\/\",\"name\":\"TT suit\",\"description\":\"S\u00e9rsaumur\",\"publisher\":{\"@id\":\"https:\/\/ttsuit.is\/#organization\"},\"potentialAction\":[{\"@type\":\"SearchAction\",\"target\":{\"@type\":\"EntryPoint\",\"urlTemplate\":\"https:\/\/ttsuit.is\/?s={search_term_string}\"},\"query-input\":{\"@type\":\"PropertyValueSpecification\",\"valueRequired\":true,\"valueName\":\"search_term_string\"}}],\"inLanguage\":\"is\"},{\"@type\":\"Organization\",\"@id\":\"https:\/\/ttsuit.is\/#organization\",\"name\":\"TT suit\",\"url\":\"https:\/\/ttsuit.is\/\",\"logo\":{\"@type\":\"ImageObject\",\"inLanguage\":\"is\",\"@id\":\"https:\/\/ttsuit.is\/#\/schema\/logo\/image\/\",\"url\":\"https:\/\/ttsuit.is\/wp-content\/uploads\/2022\/08\/cropped-TTlogo10101.png\",\"contentUrl\":\"https:\/\/ttsuit.is\/wp-content\/uploads\/2022\/08\/cropped-TTlogo10101.png\",\"width\":1226,\"height\":550,\"caption\":\"TT suit\"},\"image\":{\"@id\":\"https:\/\/ttsuit.is\/#\/schema\/logo\/image\/\"},\"sameAs\":[\"https:\/\/www.facebook.com\/ttsuitisland\",\"https:\/\/www.instagram.com\/ttsuitisland\"]}]}<\/script>\n<!-- \/ Yoast SEO plugin. -->","yoast_head_json":{"title":"Gjafabr\u00e9f - TT suit","robots":{"index":"index","follow":"follow","max-snippet":"max-snippet:-1","max-image-preview":"max-image-preview:large","max-video-preview":"max-video-preview:-1"},"canonical":"https:\/\/ttsuit.is\/is\/gjafabref\/","og_locale":"is_IS","og_type":"article","og_title":"Gjafabr\u00e9f - TT suit","og_description":"Gjafabr\u00e9f Komdu \u00fe\u00ednum \u00e1 \u00f3vart me\u00f0 gj\u00f6f sem gle\u00f0ur. Fylltu \u00fat formi\u00f0 h\u00e9r a\u00f0 ne\u00f0an og \u00e9g hef samband! Sendum br\u00e9fin rafr\u00e6nt e\u00f0a \u00ed br\u00e9fp\u00f3sti!","og_url":"https:\/\/ttsuit.is\/is\/gjafabref\/","og_site_name":"TT suit","article_publisher":"https:\/\/www.facebook.com\/ttsuitisland","article_modified_time":"2023-10-03T15:00:27+00:00","og_image":[{"url":"https:\/\/ttsuit.is\/wp-content\/uploads\/2023\/10\/www.reallygreatsite.com-3-1024x1024.png"}],"schema":{"@context":"https:\/\/schema.org","@graph":[{"@type":"WebPage","@id":"https:\/\/ttsuit.is\/gjafabref\/","url":"https:\/\/ttsuit.is\/gjafabref\/","name":"Gjafabr\u00e9f - TT suit","isPartOf":{"@id":"https:\/\/ttsuit.is\/#website"},"primaryImageOfPage":{"@id":"https:\/\/ttsuit.is\/gjafabref\/#primaryimage"},"image":{"@id":"https:\/\/ttsuit.is\/gjafabref\/#primaryimage"},"thumbnailUrl":"https:\/\/ttsuit.is\/wp-content\/uploads\/2023\/10\/www.reallygreatsite.com-3-1024x1024.png","datePublished":"2022-09-16T19:56:45+00:00","dateModified":"2023-10-03T15:00:27+00:00","breadcrumb":{"@id":"https:\/\/ttsuit.is\/gjafabref\/#breadcrumb"},"inLanguage":"is","potentialAction":[{"@type":"ReadAction","target":["https:\/\/ttsuit.is\/gjafabref\/"]}]},{"@type":"ImageObject","inLanguage":"is","@id":"https:\/\/ttsuit.is\/gjafabref\/#primaryimage","url":"https:\/\/ttsuit.is\/wp-content\/uploads\/2023\/10\/www.reallygreatsite.com-3-1024x1024.png","contentUrl":"https:\/\/ttsuit.is\/wp-content\/uploads\/2023\/10\/www.reallygreatsite.com-3-1024x1024.png"},{"@type":"BreadcrumbList","@id":"https:\/\/ttsuit.is\/gjafabref\/#breadcrumb","itemListElement":[{"@type":"ListItem","position":1,"name":"Home","item":"https:\/\/ttsuit.is\/"},{"@type":"ListItem","position":2,"name":"Gjafabr\u00e9f"}]},{"@type":"WebSite","@id":"https:\/\/ttsuit.is\/#website","url":"https:\/\/ttsuit.is\/","name":"TT suit","description":"S\u00e9rsaumur","publisher":{"@id":"https:\/\/ttsuit.is\/#organization"},"potentialAction":[{"@type":"SearchAction","target":{"@type":"EntryPoint","urlTemplate":"https:\/\/ttsuit.is\/?s={search_term_string}"},"query-input":{"@type":"PropertyValueSpecification","valueRequired":true,"valueName":"search_term_string"}}],"inLanguage":"is"},{"@type":"Organization","@id":"https:\/\/ttsuit.is\/#organization","name":"TT suit","url":"https:\/\/ttsuit.is\/","logo":{"@type":"ImageObject","inLanguage":"is","@id":"https:\/\/ttsuit.is\/#\/schema\/logo\/image\/","url":"https:\/\/ttsuit.is\/wp-content\/uploads\/2022\/08\/cropped-TTlogo10101.png","contentUrl":"https:\/\/ttsuit.is\/wp-content\/uploads\/2022\/08\/cropped-TTlogo10101.png","width":1226,"height":550,"caption":"TT suit"},"image":{"@id":"https:\/\/ttsuit.is\/#\/schema\/logo\/image\/"},"sameAs":["https:\/\/www.facebook.com\/ttsuitisland","https:\/\/www.instagram.com\/ttsuitisland"]}]}},"_links":{"self":[{"href":"https:\/\/ttsuit.is\/is\/wp-json\/wp\/v2\/pages\/4103","targetHints":{"allow":["GET"]}}],"collection":[{"href":"https:\/\/ttsuit.is\/is\/wp-json\/wp\/v2\/pages"}],"about":[{"href":"https:\/\/ttsuit.is\/is\/wp-json\/wp\/v2\/types\/page"}],"author":[{"embeddable":true,"href":"https:\/\/ttsuit.is\/is\/wp-json\/wp\/v2\/users\/5"}],"replies":[{"embeddable":true,"href":"https:\/\/ttsuit.is\/is\/wp-json\/wp\/v2\/comments?post=4103"}],"version-history":[{"count":28,"href":"https:\/\/ttsuit.is\/is\/wp-json\/wp\/v2\/pages\/4103\/revisions"}],"predecessor-version":[{"id":6422,"href":"https:\/\/ttsuit.is\/is\/wp-json\/wp\/v2\/pages\/4103\/revisions\/6422"}],"wp:attachment":[{"href":"https:\/\/ttsuit.is\/is\/wp-json\/wp\/v2\/media?parent=4103"}],"curies":[{"name":"wp","href":"https:\/\/api.w.org\/{rel}","templated":true}]}}