{"id":6531,"date":"2023-10-18T07:50:08","date_gmt":"2023-10-18T01:20:08","guid":{"rendered":"https:\/\/ttsuit.is\/?post_type=product&#038;p=6531"},"modified":"2023-10-18T07:50:08","modified_gmt":"2023-10-18T01:20:08","slug":"gjafabref-4","status":"publish","type":"product","link":"https:\/\/ttsuit.is\/is\/vara\/gjafabref-4\/","title":{"rendered":"Gjafabr\u00e9f"},"content":{"rendered":"<p>Gjafabr\u00e9f fyrir herramenn \u00ed s\u00e9rsaum. Einnig er h\u00e6gt a\u00f0 n\u00fdta gjafabr\u00e9fin \u00ed a\u00f0rar v\u00f6rur sem TT b\u00fd\u00f0ur upp \u00e1 vefs\u00ed\u00f0u sinni. V\u00f6ruval mun vaxa me\u00f0 t\u00edmanum.<\/p>","protected":false},"excerpt":{"rendered":"<p>Gjafabr\u00e9f fyrir herramenn \u00ed s\u00e9rsaum. Einnig er h\u00e6gt a\u00f0 n\u00fdta gjafabr\u00e9fin \u00ed a\u00f0rar v\u00f6rur sem TT b\u00fd\u00f0ur upp \u00e1 vefs\u00ed\u00f0u sinni. V\u00f6ruval mun vaxa me\u00f0 t\u00edmanum.<\/p>","protected":false},"featured_media":6416,"template":"","meta":{"site-sidebar-layout":"default","site-content-layout":"","ast-site-content-layout":"default","site-content-style":"default","site-sidebar-style":"default","ast-global-header-display":"","ast-banner-title-visibility":"","ast-main-header-display":"","ast-hfb-above-header-display":"","ast-hfb-below-header-display":"","ast-hfb-mobile-header-display":"","site-post-title":"","ast-breadcrumbs-content":"","ast-featured-img":"","footer-sml-layout":"","theme-transparent-header-meta":"default","adv-header-id-meta":"","stick-header-meta":"","header-above-stick-meta":"","header-main-stick-meta":"","header-below-stick-meta":"","astra-migrate-meta-layouts":"set","ast-page-background-enabled":"default","ast-page-background-meta":{"desktop":{"background-color":"","background-image":"","background-repeat":"repeat","background-position":"center center","background-size":"auto","background-attachment":"scroll","background-type":"","background-media":"","overlay-type":"","overlay-color":"","overlay-gradient":""},"tablet":{"background-color":"","background-image":"","background-repeat":"repeat","background-position":"center center","background-size":"auto","background-attachment":"scroll","background-type":"","background-media":"","overlay-type":"","overlay-color":"","overlay-gradient":""},"mobile":{"background-color":"","background-image":"","background-repeat":"repeat","background-position":"center center","background-size":"auto","background-attachment":"scroll","background-type":"","background-media":"","overlay-type":"","overlay-color":"","overlay-gradient":""}},"ast-content-background-meta":{"desktop":{"background-color":"var(--ast-global-color-5)","background-image":"","background-repeat":"repeat","background-position":"center center","background-size":"auto","background-attachment":"scroll","background-type":"","background-media":"","overlay-type":"","overlay-color":"","overlay-gradient":""},"tablet":{"background-color":"var(--ast-global-color-5)","background-image":"","background-repeat":"repeat","background-position":"center center","background-size":"auto","background-attachment":"scroll","background-type":"","background-media":"","overlay-type":"","overlay-color":"","overlay-gradient":""},"mobile":{"background-color":"var(--ast-global-color-5)","background-image":"","background-repeat":"repeat","background-position":"center center","background-size":"auto","background-attachment":"scroll","background-type":"","background-media":"","overlay-type":"","overlay-color":"","overlay-gradient":""}}},"product_cat":[121],"product_tag":[],"class_list":{"0":"post-6531","1":"product","2":"type-product","3":"status-publish","4":"has-post-thumbnail","6":"product_cat-gjafabref","7":"desktop-align-left","8":"tablet-align-left","9":"mobile-align-left","11":"first","12":"instock","13":"taxable","14":"shipping-taxable","15":"purchasable","16":"product-type-simple"},"yoast_head":"<!-- This site is optimized with the Yoast SEO plugin v23.6 - https:\/\/yoast.com\/wordpress\/plugins\/seo\/ -->\n<title>Gjafabr\u00e9f - TT suit<\/title>\n<meta name=\"robots\" content=\"index, follow, max-snippet:-1, max-image-preview:large, max-video-preview:-1\" \/>\n<link rel=\"canonical\" href=\"https:\/\/ttsuit.is\/is\/vara\/gjafabref-4\/\" \/>\n<meta property=\"og:locale\" content=\"is_IS\" \/>\n<meta property=\"og:type\" content=\"article\" \/>\n<meta property=\"og:title\" content=\"Gjafabr\u00e9f - TT suit\" \/>\n<meta property=\"og:description\" content=\"Gjafabr\u00e9f fyrir herramenn \u00ed s\u00e9rsaum. Einnig er h\u00e6gt a\u00f0 n\u00fdta gjafabr\u00e9fin \u00ed a\u00f0rar v\u00f6rur sem TT b\u00fd\u00f0ur upp \u00e1 vefs\u00ed\u00f0u sinni. V\u00f6ruval mun vaxa me\u00f0 t\u00edmanum.\" \/>\n<meta property=\"og:url\" content=\"https:\/\/ttsuit.is\/is\/vara\/gjafabref-4\/\" \/>\n<meta property=\"og:site_name\" content=\"TT suit\" \/>\n<meta property=\"article:publisher\" content=\"https:\/\/www.facebook.com\/ttsuitisland\" \/>\n<meta property=\"og:image\" content=\"https:\/\/ttsuit.is\/wp-content\/uploads\/2023\/10\/www.reallygreatsite.com-3.png\" \/>\n\t<meta property=\"og:image:width\" content=\"1080\" \/>\n\t<meta property=\"og:image:height\" content=\"1080\" \/>\n\t<meta property=\"og:image:type\" content=\"image\/png\" \/>\n<script type=\"application\/ld+json\" class=\"yoast-schema-graph\">{\"@context\":\"https:\/\/schema.org\",\"@graph\":[{\"@type\":\"WebPage\",\"@id\":\"https:\/\/ttsuit.is\/vara\/gjafabref-4\/\",\"url\":\"https:\/\/ttsuit.is\/vara\/gjafabref-4\/\",\"name\":\"Gjafabr\u00e9f - TT suit\",\"isPartOf\":{\"@id\":\"https:\/\/ttsuit.is\/#website\"},\"primaryImageOfPage\":{\"@id\":\"https:\/\/ttsuit.is\/vara\/gjafabref-4\/#primaryimage\"},\"image\":{\"@id\":\"https:\/\/ttsuit.is\/vara\/gjafabref-4\/#primaryimage\"},\"thumbnailUrl\":\"https:\/\/ttsuit.is\/wp-content\/uploads\/2023\/10\/www.reallygreatsite.com-3.png\",\"datePublished\":\"2023-10-18T01:20:08+00:00\",\"dateModified\":\"2023-10-18T01:20:08+00:00\",\"breadcrumb\":{\"@id\":\"https:\/\/ttsuit.is\/vara\/gjafabref-4\/#breadcrumb\"},\"inLanguage\":\"is\",\"potentialAction\":[{\"@type\":\"ReadAction\",\"target\":[\"https:\/\/ttsuit.is\/vara\/gjafabref-4\/\"]}]},{\"@type\":\"ImageObject\",\"inLanguage\":\"is\",\"@id\":\"https:\/\/ttsuit.is\/vara\/gjafabref-4\/#primaryimage\",\"url\":\"https:\/\/ttsuit.is\/wp-content\/uploads\/2023\/10\/www.reallygreatsite.com-3.png\",\"contentUrl\":\"https:\/\/ttsuit.is\/wp-content\/uploads\/2023\/10\/www.reallygreatsite.com-3.png\",\"width\":1080,\"height\":1080,\"caption\":\"Gjafabr\u00e9f\"},{\"@type\":\"BreadcrumbList\",\"@id\":\"https:\/\/ttsuit.is\/vara\/gjafabref-4\/#breadcrumb\",\"itemListElement\":[{\"@type\":\"ListItem\",\"position\":1,\"name\":\"Home\",\"item\":\"https:\/\/ttsuit.is\/\"},{\"@type\":\"ListItem\",\"position\":2,\"name\":\"Shop\",\"item\":\"https:\/\/ttsuit.is\/vefverslun\/\"},{\"@type\":\"ListItem\",\"position\":3,\"name\":\"Gjafabr\u00e9f\"}]},{\"@type\":\"WebSite\",\"@id\":\"https:\/\/ttsuit.is\/#website\",\"url\":\"https:\/\/ttsuit.is\/\",\"name\":\"TT suit\",\"description\":\"S\u00e9rsaumur\",\"publisher\":{\"@id\":\"https:\/\/ttsuit.is\/#organization\"},\"potentialAction\":[{\"@type\":\"SearchAction\",\"target\":{\"@type\":\"EntryPoint\",\"urlTemplate\":\"https:\/\/ttsuit.is\/?s={search_term_string}\"},\"query-input\":{\"@type\":\"PropertyValueSpecification\",\"valueRequired\":true,\"valueName\":\"search_term_string\"}}],\"inLanguage\":\"is\"},{\"@type\":\"Organization\",\"@id\":\"https:\/\/ttsuit.is\/#organization\",\"name\":\"TT suit\",\"url\":\"https:\/\/ttsuit.is\/\",\"logo\":{\"@type\":\"ImageObject\",\"inLanguage\":\"is\",\"@id\":\"https:\/\/ttsuit.is\/#\/schema\/logo\/image\/\",\"url\":\"https:\/\/ttsuit.is\/wp-content\/uploads\/2022\/08\/cropped-TTlogo10101.png\",\"contentUrl\":\"https:\/\/ttsuit.is\/wp-content\/uploads\/2022\/08\/cropped-TTlogo10101.png\",\"width\":1226,\"height\":550,\"caption\":\"TT suit\"},\"image\":{\"@id\":\"https:\/\/ttsuit.is\/#\/schema\/logo\/image\/\"},\"sameAs\":[\"https:\/\/www.facebook.com\/ttsuitisland\",\"https:\/\/www.instagram.com\/ttsuitisland\"]}]}<\/script>\n<!-- \/ Yoast SEO plugin. -->","yoast_head_json":{"title":"Gjafabr\u00e9f - TT suit","robots":{"index":"index","follow":"follow","max-snippet":"max-snippet:-1","max-image-preview":"max-image-preview:large","max-video-preview":"max-video-preview:-1"},"canonical":"https:\/\/ttsuit.is\/is\/vara\/gjafabref-4\/","og_locale":"is_IS","og_type":"article","og_title":"Gjafabr\u00e9f - TT suit","og_description":"Gjafabr\u00e9f fyrir herramenn \u00ed s\u00e9rsaum. Einnig er h\u00e6gt a\u00f0 n\u00fdta gjafabr\u00e9fin \u00ed a\u00f0rar v\u00f6rur sem TT b\u00fd\u00f0ur upp \u00e1 vefs\u00ed\u00f0u sinni. V\u00f6ruval mun vaxa me\u00f0 t\u00edmanum.","og_url":"https:\/\/ttsuit.is\/is\/vara\/gjafabref-4\/","og_site_name":"TT suit","article_publisher":"https:\/\/www.facebook.com\/ttsuitisland","og_image":[{"width":1080,"height":1080,"url":"https:\/\/ttsuit.is\/wp-content\/uploads\/2023\/10\/www.reallygreatsite.com-3.png","type":"image\/png"}],"schema":{"@context":"https:\/\/schema.org","@graph":[{"@type":"WebPage","@id":"https:\/\/ttsuit.is\/vara\/gjafabref-4\/","url":"https:\/\/ttsuit.is\/vara\/gjafabref-4\/","name":"Gjafabr\u00e9f - TT suit","isPartOf":{"@id":"https:\/\/ttsuit.is\/#website"},"primaryImageOfPage":{"@id":"https:\/\/ttsuit.is\/vara\/gjafabref-4\/#primaryimage"},"image":{"@id":"https:\/\/ttsuit.is\/vara\/gjafabref-4\/#primaryimage"},"thumbnailUrl":"https:\/\/ttsuit.is\/wp-content\/uploads\/2023\/10\/www.reallygreatsite.com-3.png","datePublished":"2023-10-18T01:20:08+00:00","dateModified":"2023-10-18T01:20:08+00:00","breadcrumb":{"@id":"https:\/\/ttsuit.is\/vara\/gjafabref-4\/#breadcrumb"},"inLanguage":"is","potentialAction":[{"@type":"ReadAction","target":["https:\/\/ttsuit.is\/vara\/gjafabref-4\/"]}]},{"@type":"ImageObject","inLanguage":"is","@id":"https:\/\/ttsuit.is\/vara\/gjafabref-4\/#primaryimage","url":"https:\/\/ttsuit.is\/wp-content\/uploads\/2023\/10\/www.reallygreatsite.com-3.png","contentUrl":"https:\/\/ttsuit.is\/wp-content\/uploads\/2023\/10\/www.reallygreatsite.com-3.png","width":1080,"height":1080,"caption":"Gjafabr\u00e9f"},{"@type":"BreadcrumbList","@id":"https:\/\/ttsuit.is\/vara\/gjafabref-4\/#breadcrumb","itemListElement":[{"@type":"ListItem","position":1,"name":"Home","item":"https:\/\/ttsuit.is\/"},{"@type":"ListItem","position":2,"name":"Shop","item":"https:\/\/ttsuit.is\/vefverslun\/"},{"@type":"ListItem","position":3,"name":"Gjafabr\u00e9f"}]},{"@type":"WebSite","@id":"https:\/\/ttsuit.is\/#website","url":"https:\/\/ttsuit.is\/","name":"TT suit","description":"S\u00e9rsaumur","publisher":{"@id":"https:\/\/ttsuit.is\/#organization"},"potentialAction":[{"@type":"SearchAction","target":{"@type":"EntryPoint","urlTemplate":"https:\/\/ttsuit.is\/?s={search_term_string}"},"query-input":{"@type":"PropertyValueSpecification","valueRequired":true,"valueName":"search_term_string"}}],"inLanguage":"is"},{"@type":"Organization","@id":"https:\/\/ttsuit.is\/#organization","name":"TT suit","url":"https:\/\/ttsuit.is\/","logo":{"@type":"ImageObject","inLanguage":"is","@id":"https:\/\/ttsuit.is\/#\/schema\/logo\/image\/","url":"https:\/\/ttsuit.is\/wp-content\/uploads\/2022\/08\/cropped-TTlogo10101.png","contentUrl":"https:\/\/ttsuit.is\/wp-content\/uploads\/2022\/08\/cropped-TTlogo10101.png","width":1226,"height":550,"caption":"TT suit"},"image":{"@id":"https:\/\/ttsuit.is\/#\/schema\/logo\/image\/"},"sameAs":["https:\/\/www.facebook.com\/ttsuitisland","https:\/\/www.instagram.com\/ttsuitisland"]}]}},"_links":{"self":[{"href":"https:\/\/ttsuit.is\/is\/wp-json\/wp\/v2\/product\/6531","targetHints":{"allow":["GET"]}}],"collection":[{"href":"https:\/\/ttsuit.is\/is\/wp-json\/wp\/v2\/product"}],"about":[{"href":"https:\/\/ttsuit.is\/is\/wp-json\/wp\/v2\/types\/product"}],"version-history":[{"count":1,"href":"https:\/\/ttsuit.is\/is\/wp-json\/wp\/v2\/product\/6531\/revisions"}],"predecessor-version":[{"id":6532,"href":"https:\/\/ttsuit.is\/is\/wp-json\/wp\/v2\/product\/6531\/revisions\/6532"}],"wp:featuredmedia":[{"embeddable":true,"href":"https:\/\/ttsuit.is\/is\/wp-json\/wp\/v2\/media\/6416"}],"wp:attachment":[{"href":"https:\/\/ttsuit.is\/is\/wp-json\/wp\/v2\/media?parent=6531"}],"wp:term":[{"taxonomy":"product_cat","embeddable":true,"href":"https:\/\/ttsuit.is\/is\/wp-json\/wp\/v2\/product_cat?post=6531"},{"taxonomy":"product_tag","embeddable":true,"href":"https:\/\/ttsuit.is\/is\/wp-json\/wp\/v2\/product_tag?post=6531"}],"curies":[{"name":"wp","href":"https:\/\/api.w.org\/{rel}","templated":true}]}}